{"id":2125,"date":"2026-05-08T01:28:08","date_gmt":"2026-05-07T23:28:08","guid":{"rendered":"https:\/\/operamoscati.it\/?page_id=2125"},"modified":"2026-05-08T02:20:47","modified_gmt":"2026-05-08T00:20:47","slug":"giuseppemoscati","status":"publish","type":"page","link":"https:\/\/operamoscati.it\/?page_id=2125","title":{"rendered":"GiuseppeMoscati"},"content":{"rendered":"<style>.kadence-column2125_4f7e49-67 > .kt-inside-inner-col{display:flex;}.kadence-column2125_4f7e49-67 > .kt-inside-inner-col{padding-top:0px;padding-right:0px;padding-bottom:0px;padding-left:0px;}.kadence-column2125_4f7e49-67 > .kt-inside-inner-col,.kadence-column2125_4f7e49-67 > .kt-inside-inner-col:before{border-top-left-radius:0px;border-top-right-radius:0px;border-bottom-right-radius:0px;border-bottom-left-radius:0px;}.kadence-column2125_4f7e49-67 > .kt-inside-inner-col{column-gap:var(--global-kb-gap-sm, 1rem);}.kadence-column2125_4f7e49-67 > .kt-inside-inner-col{flex-direction:column;justify-content:flex-start;}.kadence-column2125_4f7e49-67 > .kt-inside-inner-col > .aligncenter{width:100%;}.kt-row-column-wrap > .kadence-column2125_4f7e49-67{align-self:flex-start;}.kt-inner-column-height-full:not(.kt-has-1-columns) > .wp-block-kadence-column.kadence-column2125_4f7e49-67{align-self:auto;}.kt-inner-column-height-full:not(.kt-has-1-columns) > .wp-block-kadence-column.kadence-column2125_4f7e49-67 > .kt-inside-inner-col{flex-direction:column;justify-content:flex-start;}.kadence-column2125_4f7e49-67 > .kt-inside-inner-col:before{opacity:0.3;}.kadence-column2125_4f7e49-67{position:relative;}.kadence-column2125_4f7e49-67, .kt-inside-inner-col > .kadence-column2125_4f7e49-67:not(.specificity){margin-top:-32px;}@media all and (max-width: 1024px){.kt-row-column-wrap > .kadence-column2125_4f7e49-67{align-self:flex-start;}}@media all and (max-width: 1024px){.kt-inner-column-height-full:not(.kt-has-1-columns) > .wp-block-kadence-column.kadence-column2125_4f7e49-67{align-self:auto;}}@media all and (max-width: 1024px){.kt-inner-column-height-full:not(.kt-has-1-columns) > .wp-block-kadence-column.kadence-column2125_4f7e49-67 > .kt-inside-inner-col{flex-direction:column;justify-content:flex-start;}}@media all and (max-width: 1024px){.kadence-column2125_4f7e49-67 > .kt-inside-inner-col{flex-direction:column;justify-content:flex-start;}}@media all and (max-width: 767px){.kt-row-column-wrap > .kadence-column2125_4f7e49-67{align-self:flex-start;}.kt-inner-column-height-full:not(.kt-has-1-columns) > .wp-block-kadence-column.kadence-column2125_4f7e49-67{align-self:auto;}.kt-inner-column-height-full:not(.kt-has-1-columns) > .wp-block-kadence-column.kadence-column2125_4f7e49-67 > .kt-inside-inner-col{flex-direction:column;justify-content:flex-start;}.kadence-column2125_4f7e49-67 > .kt-inside-inner-col{flex-direction:column;justify-content:flex-start;}}<\/style>\n<div class=\"wp-block-kadence-column kadence-column2125_4f7e49-67 alignwide\"><div class=\"kt-inside-inner-col\"><style>.wp-block-kadence-advancedheading.kt-adv-heading2125_21830d-a3, .wp-block-kadence-advancedheading.kt-adv-heading2125_21830d-a3[data-kb-block=\"kb-adv-heading2125_21830d-a3\"]{padding-top:var(--global-kb-spacing-md, 2rem);padding-bottom:var(--global-kb-spacing-md, 2rem);margin-top:0px;margin-bottom:0px;text-align:center;font-style:normal;text-transform:uppercase;}.wp-block-kadence-advancedheading.kt-adv-heading2125_21830d-a3 mark.kt-highlight, .wp-block-kadence-advancedheading.kt-adv-heading2125_21830d-a3[data-kb-block=\"kb-adv-heading2125_21830d-a3\"] mark.kt-highlight{font-style:normal;color:#f76a0c;-webkit-box-decoration-break:clone;box-decoration-break:clone;padding-top:0px;padding-right:0px;padding-bottom:0px;padding-left:0px;}.wp-block-kadence-advancedheading.kt-adv-heading2125_21830d-a3 img.kb-inline-image, .wp-block-kadence-advancedheading.kt-adv-heading2125_21830d-a3[data-kb-block=\"kb-adv-heading2125_21830d-a3\"] img.kb-inline-image{width:150px;vertical-align:baseline;}<\/style>\n<h1 class=\"kt-adv-heading2125_21830d-a3 wp-block-kadence-advancedheading has-theme-palette-9-color has-text-color has-theme-palette-7-background-color has-background\" data-kb-block=\"kb-adv-heading2125_21830d-a3\">Il Motivo di un Nome: Riferimenti Etici <\/h1>\n<\/div><\/div>\n\n\n<style>.kadence-column2125_fe49e6-76 > .kt-inside-inner-col{padding-top:var(--global-kb-spacing-lg, 3rem);}.kadence-column2125_fe49e6-76 > .kt-inside-inner-col,.kadence-column2125_fe49e6-76 > .kt-inside-inner-col:before{border-top-left-radius:0px;border-top-right-radius:0px;border-bottom-right-radius:0px;border-bottom-left-radius:0px;}.kadence-column2125_fe49e6-76 > .kt-inside-inner-col{column-gap:var(--global-kb-gap-sm, 1rem);}.kadence-column2125_fe49e6-76 > .kt-inside-inner-col{flex-direction:column;}.kadence-column2125_fe49e6-76 > .kt-inside-inner-col > .aligncenter{width:100%;}.kadence-column2125_fe49e6-76 > .kt-inside-inner-col:before{opacity:0.3;}.kadence-column2125_fe49e6-76{position:relative;}@media all and (max-width: 1024px){.kadence-column2125_fe49e6-76 > .kt-inside-inner-col{flex-direction:column;justify-content:center;}}@media all and (max-width: 767px){.kadence-column2125_fe49e6-76 > .kt-inside-inner-col{flex-direction:column;justify-content:center;}}<\/style>\n<div class=\"wp-block-kadence-column kadence-column2125_fe49e6-76\"><div class=\"kt-inside-inner-col\"><style>.kb-row-layout-id2125_8cc7c0-0e > .kt-row-column-wrap{align-content:start;}:where(.kb-row-layout-id2125_8cc7c0-0e > .kt-row-column-wrap) > .wp-block-kadence-column{justify-content:start;}.kb-row-layout-id2125_8cc7c0-0e > .kt-row-column-wrap{column-gap:var(--global-kb-gap-md, 2rem);row-gap:var(--global-kb-gap-md, 2rem);padding-top:var(--global-kb-spacing-xxs, 0.5rem);padding-bottom:0px;grid-template-columns:minmax(0, 2fr) minmax(0, 1fr);}.kb-row-layout-id2125_8cc7c0-0e > .kt-row-layout-overlay{opacity:0.30;}@media all and (max-width: 1024px){.kb-row-layout-id2125_8cc7c0-0e > .kt-row-column-wrap{grid-template-columns:minmax(0, 2fr) minmax(0, 1fr);}}@media all and (max-width: 767px){.kb-row-layout-id2125_8cc7c0-0e > .kt-row-column-wrap{grid-template-columns:minmax(0, 1fr);}}<\/style><div class=\"kb-row-layout-wrap kb-row-layout-id2125_8cc7c0-0e alignnone wp-block-kadence-rowlayout\"><div class=\"kt-row-column-wrap kt-has-2-columns kt-row-layout-left-golden kt-tab-layout-inherit kt-mobile-layout-row kt-row-valign-top\">\n<style>.kadence-column2125_649932-8c > .kt-inside-inner-col,.kadence-column2125_649932-8c > .kt-inside-inner-col:before{border-top-left-radius:0px;border-top-right-radius:0px;border-bottom-right-radius:0px;border-bottom-left-radius:0px;}.kadence-column2125_649932-8c > .kt-inside-inner-col{column-gap:var(--global-kb-gap-sm, 1rem);}.kadence-column2125_649932-8c > .kt-inside-inner-col{flex-direction:column;}.kadence-column2125_649932-8c > .kt-inside-inner-col > .aligncenter{width:100%;}.kadence-column2125_649932-8c > .kt-inside-inner-col:before{opacity:0.3;}.kadence-column2125_649932-8c{position:relative;}@media all and (max-width: 1024px){.kadence-column2125_649932-8c > .kt-inside-inner-col{flex-direction:column;justify-content:center;}}@media all and (max-width: 767px){.kadence-column2125_649932-8c > .kt-inside-inner-col{flex-direction:column;justify-content:center;}}<\/style>\n<div class=\"wp-block-kadence-column kadence-column2125_649932-8c\"><div class=\"kt-inside-inner-col\"><style>.wp-block-kadence-advancedheading.kt-adv-heading2125_14ce6d-27, .wp-block-kadence-advancedheading.kt-adv-heading2125_14ce6d-27[data-kb-block=\"kb-adv-heading2125_14ce6d-27\"]{font-size:48px;font-style:normal;}.wp-block-kadence-advancedheading.kt-adv-heading2125_14ce6d-27 mark.kt-highlight, .wp-block-kadence-advancedheading.kt-adv-heading2125_14ce6d-27[data-kb-block=\"kb-adv-heading2125_14ce6d-27\"] mark.kt-highlight{font-style:normal;color:#f76a0c;-webkit-box-decoration-break:clone;box-decoration-break:clone;padding-top:0px;padding-right:0px;padding-bottom:0px;padding-left:0px;}.wp-block-kadence-advancedheading.kt-adv-heading2125_14ce6d-27 img.kb-inline-image, .wp-block-kadence-advancedheading.kt-adv-heading2125_14ce6d-27[data-kb-block=\"kb-adv-heading2125_14ce6d-27\"] img.kb-inline-image{width:150px;vertical-align:baseline;}<\/style>\n<h1 class=\"kt-adv-heading2125_14ce6d-27 wp-block-kadence-advancedheading has-theme-palette-7-color has-text-color\" data-kb-block=\"kb-adv-heading2125_14ce6d-27\">Scienza e Fede<\/h1>\n\n\n<style>.wp-block-kadence-advancedheading.kt-adv-heading2125_2d2113-a0, .wp-block-kadence-advancedheading.kt-adv-heading2125_2d2113-a0[data-kb-block=\"kb-adv-heading2125_2d2113-a0\"]{font-style:normal;}.wp-block-kadence-advancedheading.kt-adv-heading2125_2d2113-a0 mark.kt-highlight, .wp-block-kadence-advancedheading.kt-adv-heading2125_2d2113-a0[data-kb-block=\"kb-adv-heading2125_2d2113-a0\"] mark.kt-highlight{font-style:normal;color:#f76a0c;-webkit-box-decoration-break:clone;box-decoration-break:clone;padding-top:0px;padding-right:0px;padding-bottom:0px;padding-left:0px;}.wp-block-kadence-advancedheading.kt-adv-heading2125_2d2113-a0 img.kb-inline-image, .wp-block-kadence-advancedheading.kt-adv-heading2125_2d2113-a0[data-kb-block=\"kb-adv-heading2125_2d2113-a0\"] img.kb-inline-image{width:150px;vertical-align:baseline;}<\/style>\n<p class=\"kt-adv-heading2125_2d2113-a0 wp-block-kadence-advancedheading\" data-kb-block=\"kb-adv-heading2125_2d2113-a0\">Giuseppe Moscati nacque a Benevento nel 1880. Figlio e nipote di magistrati, la sua vita professionale sembrava inizialmente gi\u00e0 tracciata, ma nessuno aveva fatto i conti con la sua grande fede, che lo condusse ben presto verso una strada diversa.<br>Oltre a dedicarsi con profonda umanit\u00e0 alla cura dei malati, Giuseppe \u00e8 stato anche un eccellente ricercatore. Ha sperimentato nuove tecniche e nuovi farmaci, tra cui l&#8217;insulina, che inizi\u00f2 ad essere utilizzata nel trattamento del diabete nel 1922. La sua abilit\u00e0 nelle autopsie era tale che, nel 1925, gli fu affidata la direzione dell&#8217;Istituto di Anatomia Patologica. Non era insolito vederlo fare il segno della croce prima di operare su un cadavere, in segno di profondo rispetto per un corpo che era stato un uomo amato da Dio.<br>Per lui, scienza e fede non rappresentavano due mondi distanti, separati e inconciliabili, ma due elementi che coesistevano armoniosamente nella sua vita quotidiana. <\/p>\n<\/div><\/div>\n\n\n<style>.kadence-column2125_796c0e-98 > .kt-inside-inner-col{display:flex;}.kadence-column2125_796c0e-98 > .kt-inside-inner-col{padding-top:var(--global-kb-spacing-md, 2rem);}.kadence-column2125_796c0e-98 > .kt-inside-inner-col,.kadence-column2125_796c0e-98 > .kt-inside-inner-col:before{border-top-left-radius:0px;border-top-right-radius:0px;border-bottom-right-radius:0px;border-bottom-left-radius:0px;}.kadence-column2125_796c0e-98 > .kt-inside-inner-col{column-gap:var(--global-kb-gap-sm, 1rem);}.kadence-column2125_796c0e-98 > .kt-inside-inner-col{flex-direction:column;justify-content:flex-end;}.kadence-column2125_796c0e-98 > .kt-inside-inner-col > .aligncenter{width:100%;}.kt-row-column-wrap > .kadence-column2125_796c0e-98{align-self:flex-end;}.kt-inner-column-height-full:not(.kt-has-1-columns) > .wp-block-kadence-column.kadence-column2125_796c0e-98{align-self:auto;}.kt-inner-column-height-full:not(.kt-has-1-columns) > .wp-block-kadence-column.kadence-column2125_796c0e-98 > .kt-inside-inner-col{flex-direction:column;justify-content:flex-end;}.kadence-column2125_796c0e-98 > .kt-inside-inner-col:before{opacity:0.3;}.kadence-column2125_796c0e-98{position:relative;}@media all and (max-width: 1024px){.kt-row-column-wrap > .kadence-column2125_796c0e-98{align-self:flex-end;}}@media all and (max-width: 1024px){.kt-inner-column-height-full:not(.kt-has-1-columns) > .wp-block-kadence-column.kadence-column2125_796c0e-98{align-self:auto;}}@media all and (max-width: 1024px){.kt-inner-column-height-full:not(.kt-has-1-columns) > .wp-block-kadence-column.kadence-column2125_796c0e-98 > .kt-inside-inner-col{flex-direction:column;justify-content:flex-end;}}@media all and (max-width: 1024px){.kadence-column2125_796c0e-98 > .kt-inside-inner-col{flex-direction:column;justify-content:flex-end;}}@media all and (max-width: 767px){.kt-row-column-wrap > .kadence-column2125_796c0e-98{align-self:flex-end;}.kt-inner-column-height-full:not(.kt-has-1-columns) > .wp-block-kadence-column.kadence-column2125_796c0e-98{align-self:auto;}.kt-inner-column-height-full:not(.kt-has-1-columns) > .wp-block-kadence-column.kadence-column2125_796c0e-98 > .kt-inside-inner-col{flex-direction:column;justify-content:flex-end;}.kadence-column2125_796c0e-98 > .kt-inside-inner-col{flex-direction:column;justify-content:flex-end;}}<\/style>\n<div class=\"wp-block-kadence-column kadence-column2125_796c0e-98\"><div class=\"kt-inside-inner-col\"><style>.kadence-column2125_c4f750-c1 > .kt-inside-inner-col{display:flex;}.kadence-column2125_c4f750-c1 > .kt-inside-inner-col,.kadence-column2125_c4f750-c1 > .kt-inside-inner-col:before{border-top-left-radius:0px;border-top-right-radius:0px;border-bottom-right-radius:0px;border-bottom-left-radius:0px;}.kadence-column2125_c4f750-c1 > .kt-inside-inner-col{column-gap:var(--global-kb-gap-sm, 1rem);}.kadence-column2125_c4f750-c1 > .kt-inside-inner-col{flex-direction:row;flex-wrap:wrap;align-items:flex-end;justify-content:center;}.kadence-column2125_c4f750-c1 > .kt-inside-inner-col > *, .kadence-column2125_c4f750-c1 > .kt-inside-inner-col > figure.wp-block-image, .kadence-column2125_c4f750-c1 > .kt-inside-inner-col > figure.wp-block-kadence-image{margin-top:0px;margin-bottom:0px;}.kadence-column2125_c4f750-c1 > .kt-inside-inner-col > .kb-image-is-ratio-size{flex-grow:1;}.kt-row-column-wrap > .kadence-column2125_c4f750-c1{align-self:flex-end;}.kt-inner-column-height-full:not(.kt-has-1-columns) > .wp-block-kadence-column.kadence-column2125_c4f750-c1{align-self:auto;}.kt-inner-column-height-full:not(.kt-has-1-columns) > .wp-block-kadence-column.kadence-column2125_c4f750-c1 > .kt-inside-inner-col{align-items:flex-end;}.kadence-column2125_c4f750-c1 > .kt-inside-inner-col:before{opacity:0.3;}.kadence-column2125_c4f750-c1{position:relative;}@media all and (max-width: 1024px){.kt-row-column-wrap > .kadence-column2125_c4f750-c1{align-self:flex-end;}}@media all and (max-width: 1024px){.kt-inner-column-height-full:not(.kt-has-1-columns) > .wp-block-kadence-column.kadence-column2125_c4f750-c1{align-self:auto;}}@media all and (max-width: 1024px){.kt-inner-column-height-full:not(.kt-has-1-columns) > .wp-block-kadence-column.kadence-column2125_c4f750-c1 > .kt-inside-inner-col{align-items:flex-end;}}@media all and (max-width: 1024px){.kadence-column2125_c4f750-c1 > .kt-inside-inner-col{flex-direction:row;flex-wrap:wrap;align-items:flex-end;justify-content:center;}}@media all and (min-width: 768px) and (max-width: 1024px){.kadence-column2125_c4f750-c1 > .kt-inside-inner-col > *, .kadence-column2125_c4f750-c1 > .kt-inside-inner-col > figure.wp-block-image, .kadence-column2125_c4f750-c1 > .kt-inside-inner-col > figure.wp-block-kadence-image{margin-top:0px;margin-bottom:0px;}.kadence-column2125_c4f750-c1 > .kt-inside-inner-col > .kb-image-is-ratio-size{flex-grow:1;}}@media all and (max-width: 767px){.kt-row-column-wrap > .kadence-column2125_c4f750-c1{align-self:flex-end;}.kt-inner-column-height-full:not(.kt-has-1-columns) > .wp-block-kadence-column.kadence-column2125_c4f750-c1{align-self:auto;}.kt-inner-column-height-full:not(.kt-has-1-columns) > .wp-block-kadence-column.kadence-column2125_c4f750-c1 > .kt-inside-inner-col{align-items:flex-end;}.kadence-column2125_c4f750-c1 > .kt-inside-inner-col{flex-direction:row;flex-wrap:wrap;justify-content:flex-start;justify-content:center;}.kadence-column2125_c4f750-c1 > .kt-inside-inner-col > *, .kadence-column2125_c4f750-c1 > .kt-inside-inner-col > figure.wp-block-image, .kadence-column2125_c4f750-c1 > .kt-inside-inner-col > figure.wp-block-kadence-image{margin-top:0px;margin-bottom:0px;}.kadence-column2125_c4f750-c1 > .kt-inside-inner-col > .kb-image-is-ratio-size{flex-grow:1;}}<\/style>\n<div class=\"wp-block-kadence-column kadence-column2125_c4f750-c1 kb-section-dir-horizontal\"><div class=\"kt-inside-inner-col\">\n<figure class=\"wp-block-image size-full is-resized has-custom-border is-style-default\" style=\"margin-right:0;margin-left:0\"><img loading=\"lazy\" decoding=\"async\" width=\"1200\" height=\"1608\" src=\"https:\/\/operamoscati.it\/wp-content\/uploads\/2026\/05\/Moscati_1923-3.jpg\" alt=\"\" class=\"wp-image-2146\" style=\"border-style:none;border-width:0px;border-top-left-radius:10px;border-top-right-radius:10px;border-bottom-left-radius:10px;border-bottom-right-radius:10px;width:auto;height:400px\" srcset=\"https:\/\/operamoscati.it\/wp-content\/uploads\/2026\/05\/Moscati_1923-3.jpg 1200w, https:\/\/operamoscati.it\/wp-content\/uploads\/2026\/05\/Moscati_1923-3-224x300.jpg 224w, https:\/\/operamoscati.it\/wp-content\/uploads\/2026\/05\/Moscati_1923-3-764x1024.jpg 764w, https:\/\/operamoscati.it\/wp-content\/uploads\/2026\/05\/Moscati_1923-3-768x1029.jpg 768w, https:\/\/operamoscati.it\/wp-content\/uploads\/2026\/05\/Moscati_1923-3-1146x1536.jpg 1146w\" sizes=\"auto, (max-width: 1200px) 100vw, 1200px\" \/><\/figure>\n<\/div><\/div>\n<\/div><\/div>\n\n<\/div><\/div>\n\n<style>.wp-block-kadence-advancedheading.kt-adv-heading2125_c8cc20-80, .wp-block-kadence-advancedheading.kt-adv-heading2125_c8cc20-80[data-kb-block=\"kb-adv-heading2125_c8cc20-80\"]{padding-top:var(--global-kb-spacing-xs, 1rem);font-style:normal;}.wp-block-kadence-advancedheading.kt-adv-heading2125_c8cc20-80 mark.kt-highlight, .wp-block-kadence-advancedheading.kt-adv-heading2125_c8cc20-80[data-kb-block=\"kb-adv-heading2125_c8cc20-80\"] mark.kt-highlight{font-style:normal;color:#f76a0c;-webkit-box-decoration-break:clone;box-decoration-break:clone;padding-top:0px;padding-right:0px;padding-bottom:0px;padding-left:0px;}.wp-block-kadence-advancedheading.kt-adv-heading2125_c8cc20-80 img.kb-inline-image, .wp-block-kadence-advancedheading.kt-adv-heading2125_c8cc20-80[data-kb-block=\"kb-adv-heading2125_c8cc20-80\"] img.kb-inline-image{width:150px;vertical-align:baseline;}<\/style>\n<p class=\"kt-adv-heading2125_c8cc20-80 wp-block-kadence-advancedheading\" data-kb-block=\"kb-adv-heading2125_c8cc20-80\">La sua esistenza era caratterizzata da una grande devozione alla Vergine Maria, da una vita di sobriet\u00e0 e povert\u00e0 personale ispirata a San Francesco, e dalla scelta del celibato, presa per poter dedicare pi\u00f9 tempo al numero sempre crescente dei suoi pazienti.<br>Il 12 aprile 1927, mentre si trovava sulla sua poltrona, un attacco cardiaco lo stronc\u00f2 all&#8217;et\u00e0 di soli 47 anni. \u00c8 stato canonizzato da Papa Giovanni Paolo II nel 1987, al termine del sinodo dei vescovi incentrato sulla vocazione e la missione dei laici all&#8217;interno della Chiesa.<\/p>\n\n\n\n<p><\/p>\n<\/div><\/div>\n\n\n<style>.kb-row-layout-wrap.wp-block-kadence-rowlayout.kb-row-layout-id2125_30a321-76{margin-bottom:var(--global-kb-spacing-lg, 3rem);}.kb-row-layout-id2125_30a321-76 > .kt-row-column-wrap{align-content:start;}:where(.kb-row-layout-id2125_30a321-76 > .kt-row-column-wrap) > .wp-block-kadence-column{justify-content:start;}.kb-row-layout-id2125_30a321-76 > .kt-row-column-wrap{column-gap:var(--global-kb-gap-md, 2rem);row-gap:var(--global-kb-gap-md, 2rem);padding-top:var(--global-kb-spacing-sm, 1.5rem);padding-bottom:var(--global-kb-spacing-sm, 1.5rem);grid-template-columns:repeat(2, minmax(0, 1fr));}.kb-row-layout-id2125_30a321-76{border-top-left-radius:8px;border-top-right-radius:8px;border-bottom-right-radius:8px;border-bottom-left-radius:8px;overflow:clip;isolation:isolate;}.kb-row-layout-id2125_30a321-76 > .kt-row-layout-overlay{border-top-left-radius:8px;border-top-right-radius:8px;border-bottom-right-radius:8px;border-bottom-left-radius:8px;}.kb-row-layout-id2125_30a321-76{box-shadow:0px 0px 14px 0px var(--global-palette7, #EDF2F7);}.kb-row-layout-id2125_30a321-76{background-color:#93dbdb;background-image:url('https:\/\/operamoscati.it\/wp-content\/uploads\/2026\/05\/sangiuseppemoscati-1.png');background-size:contain;background-position:0% 3%;background-attachment:scroll;background-repeat:no-repeat;}.kb-row-layout-id2125_30a321-76 > .kt-row-layout-overlay{opacity:0.30;}@media all and (max-width: 1024px){.kb-row-layout-id2125_30a321-76 > .kt-row-column-wrap{grid-template-columns:repeat(2, minmax(0, 1fr));}}@media all and (max-width: 767px){.kb-row-layout-id2125_30a321-76 > .kt-row-column-wrap{grid-template-columns:minmax(0, 1fr);}}<\/style><div class=\"kb-row-layout-wrap kb-row-layout-id2125_30a321-76 alignnone kt-row-has-bg wp-block-kadence-rowlayout\"><div class=\"kt-row-column-wrap kt-has-2-columns kt-row-layout-equal kt-tab-layout-inherit kt-mobile-layout-row kt-row-valign-top\">\n<style>.kadence-column2125_343c06-93 > .kt-inside-inner-col{padding-bottom:0px;}.kadence-column2125_343c06-93 > .kt-inside-inner-col,.kadence-column2125_343c06-93 > .kt-inside-inner-col:before{border-top-left-radius:0px;border-top-right-radius:0px;border-bottom-right-radius:0px;border-bottom-left-radius:0px;}.kadence-column2125_343c06-93 > .kt-inside-inner-col{column-gap:var(--global-kb-gap-sm, 1rem);}.kadence-column2125_343c06-93 > .kt-inside-inner-col{flex-direction:column;}.kadence-column2125_343c06-93 > .kt-inside-inner-col > .aligncenter{width:100%;}.kadence-column2125_343c06-93 > .kt-inside-inner-col:before{opacity:0.3;}.kadence-column2125_343c06-93{position:relative;}.kadence-column2125_343c06-93, .kt-inside-inner-col > .kadence-column2125_343c06-93:not(.specificity){margin-bottom:0px;}@media all and (max-width: 1024px){.kadence-column2125_343c06-93 > .kt-inside-inner-col{flex-direction:column;justify-content:center;}}@media all and (max-width: 767px){.kadence-column2125_343c06-93 > .kt-inside-inner-col{flex-direction:column;justify-content:center;}}<\/style>\n<div class=\"wp-block-kadence-column kadence-column2125_343c06-93\"><div class=\"kt-inside-inner-col\"><\/div><\/div>\n\n\n<style>.kadence-column2125_3f5094-72 > .kt-inside-inner-col,.kadence-column2125_3f5094-72 > .kt-inside-inner-col:before{border-top-left-radius:0px;border-top-right-radius:0px;border-bottom-right-radius:0px;border-bottom-left-radius:0px;}.kadence-column2125_3f5094-72 > .kt-inside-inner-col{column-gap:var(--global-kb-gap-sm, 1rem);}.kadence-column2125_3f5094-72 > .kt-inside-inner-col{flex-direction:column;}.kadence-column2125_3f5094-72 > .kt-inside-inner-col > .aligncenter{width:100%;}.kadence-column2125_3f5094-72 > .kt-inside-inner-col:before{opacity:0.3;}.kadence-column2125_3f5094-72{position:relative;}@media all and (max-width: 1024px){.kadence-column2125_3f5094-72 > .kt-inside-inner-col{flex-direction:column;justify-content:center;}}@media all and (max-width: 767px){.kadence-column2125_3f5094-72 > .kt-inside-inner-col{flex-direction:column;justify-content:center;}}<\/style>\n<div class=\"wp-block-kadence-column kadence-column2125_3f5094-72\"><div class=\"kt-inside-inner-col\"><style>.wp-block-kadence-advancedheading.kt-adv-heading2125_ecfb92-a8, .wp-block-kadence-advancedheading.kt-adv-heading2125_ecfb92-a8[data-kb-block=\"kb-adv-heading2125_ecfb92-a8\"]{text-align:right;font-style:normal;letter-spacing:2px;}.wp-block-kadence-advancedheading.kt-adv-heading2125_ecfb92-a8 mark.kt-highlight, .wp-block-kadence-advancedheading.kt-adv-heading2125_ecfb92-a8[data-kb-block=\"kb-adv-heading2125_ecfb92-a8\"] mark.kt-highlight{font-style:normal;color:#f76a0c;-webkit-box-decoration-break:clone;box-decoration-break:clone;padding-top:0px;padding-right:0px;padding-bottom:0px;padding-left:0px;}.wp-block-kadence-advancedheading.kt-adv-heading2125_ecfb92-a8 img.kb-inline-image, .wp-block-kadence-advancedheading.kt-adv-heading2125_ecfb92-a8[data-kb-block=\"kb-adv-heading2125_ecfb92-a8\"] img.kb-inline-image{width:150px;vertical-align:baseline;}<\/style>\n<h2 class=\"kt-adv-heading2125_ecfb92-a8 wp-block-kadence-advancedheading has-theme-palette-7-color has-text-color\" data-kb-block=\"kb-adv-heading2125_ecfb92-a8\"><em>La scienza ci promette il benessere e tutto al pi\u00f9 il piacere; la religione e la fede ci danno<br>il balsamo della consolazione e la vera felicit\u00e0, che \u00e8 una cosa sola con la moralit\u00e0<br>e col senso del dovere. <\/em>(Giuseppe Moscati)<\/h2>\n<\/div><\/div>\n\n<\/div><\/div>\n\n\n<p><\/p>\n","protected":false},"excerpt":{"rendered":"<p>Il Motivo di un Nome: Riferimenti Etici Scienza e Fede Giuseppe Moscati nacque a Benevento nel 1880. Figlio e nipote di magistrati, la sua vita professionale sembrava inizialmente gi\u00e0 tracciata, ma nessuno aveva fatto i conti con la sua grande fede, che lo condusse ben presto verso una strada diversa.Oltre a dedicarsi con profonda umanit\u00e0&#8230;<\/p>\n","protected":false},"author":2,"featured_media":0,"parent":0,"menu_order":0,"comment_status":"closed","ping_status":"closed","template":"","meta":{"_kadence_starter_templates_imported_post":false,"_kad_post_transparent":"","_kad_post_title":"hide","_kad_post_layout":"","_kad_post_sidebar_id":"","_kad_post_content_style":"","_kad_post_vertical_padding":"","_kad_post_feature":"","_kad_post_feature_position":"","_kad_post_header":false,"_kad_post_footer":false,"_kad_post_classname":"","footnotes":""},"class_list":["post-2125","page","type-page","status-publish","hentry"],"_links":{"self":[{"href":"https:\/\/operamoscati.it\/index.php?rest_route=\/wp\/v2\/pages\/2125","targetHints":{"allow":["GET"]}}],"collection":[{"href":"https:\/\/operamoscati.it\/index.php?rest_route=\/wp\/v2\/pages"}],"about":[{"href":"https:\/\/operamoscati.it\/index.php?rest_route=\/wp\/v2\/types\/page"}],"author":[{"embeddable":true,"href":"https:\/\/operamoscati.it\/index.php?rest_route=\/wp\/v2\/users\/2"}],"replies":[{"embeddable":true,"href":"https:\/\/operamoscati.it\/index.php?rest_route=%2Fwp%2Fv2%2Fcomments&post=2125"}],"version-history":[{"count":6,"href":"https:\/\/operamoscati.it\/index.php?rest_route=\/wp\/v2\/pages\/2125\/revisions"}],"predecessor-version":[{"id":2151,"href":"https:\/\/operamoscati.it\/index.php?rest_route=\/wp\/v2\/pages\/2125\/revisions\/2151"}],"wp:attachment":[{"href":"https:\/\/operamoscati.it\/index.php?rest_route=%2Fwp%2Fv2%2Fmedia&parent=2125"}],"curies":[{"name":"wp","href":"https:\/\/api.w.org\/{rel}","templated":true}]}}